{"id":28,"date":"2025-12-05T12:42:15","date_gmt":"2025-12-05T12:42:15","guid":{"rendered":"https:\/\/www.gentglobal.com.tr\/?page_id=28"},"modified":"2025-12-10T09:44:55","modified_gmt":"2025-12-10T09:44:55","slug":"contact","status":"publish","type":"page","link":"https:\/\/www.gentglobal.com.tr\/en\/contact\/","title":{"rendered":"Contact"},"content":{"rendered":"\n\n\t<section class=\"section hide-for-small\" id=\"section_281878672\">\n\t\t<div class=\"section-bg fill\" >\n\t\t\t<img loading=\"lazy\" decoding=\"async\" width=\"1320\" height=\"800\" src=\"https:\/\/www.gentglobal.com.tr\/en\/wp-content\/uploads\/2025\/12\/iletisim-gent-global.jpg\" class=\"bg attachment-original size-original\" alt=\"\" \/>\t\t\t\t\t\t\n\t\t\t\n\n\t\t<\/div>\n\n\t\t\n\n\t\t<div class=\"section-content relative\">\n\t\t\t\n\n<div class=\"row\"  id=\"row-1834618454\">\n\n\n\t<div id=\"col-1618923111\" class=\"col medium-5 small-12 large-5\"  >\n\t\t\t\t<div class=\"col-inner\"  >\n\t\t\t\n\t\t\t\n\n<h1>Contact<\/h1>\n<hr \/>\n\n\n\t\t<\/div>\n\t\t\t\t\n<style>\n#col-1618923111 > .col-inner {\n  padding: 0px 0px 0px 50px;\n}\n<\/style>\n\t<\/div>\n\n\t\n\n<\/div>\n<div class=\"row\"  id=\"row-881637970\">\n\n\n\t<div id=\"col-750077546\" class=\"col medium-5 small-12 large-5\"  >\n\t\t\t\t<div class=\"col-inner\"  >\n\t\t\t\n\t\t\t\n\n<div class=\"row\"  id=\"row-1805101189\">\n\n\n\t<div id=\"col-863460977\" class=\"col small-12 large-12\"  >\n\t\t\t\t<div class=\"col-inner\"  >\n\t\t\t\n\t\t\t\n\n<div class=\"row row-small\"  id=\"row-1361873748\">\n\n\n\t<div id=\"col-812660688\" class=\"col small-12 large-12\"  >\n\t\t\t\t<div class=\"col-inner\"  >\n\t\t\t\n\t\t\t\n\n<div class=\"row row-small\"  id=\"row-719268668\">\n\n\n\t<div id=\"col-2051678021\" class=\"col small-12 large-12\"  >\n\t\t\t\t<div class=\"col-inner text-center\"  >\n\t\t\t\n\t\t\t\n\n\t<div id=\"text-1650155012\" class=\"text\">\n\t\t\n\n<p><i class=\"icon-phone\"><\/i> +90 533 346 30 05<\/p>\n\n\t\t\n<style>\n#text-1650155012 {\n  text-align: left;\n}\n<\/style>\n\t<\/div>\n\t\n\n\t\t<\/div>\n\t\t\t\t\t<\/div>\n\n\t\n\n\t<div id=\"col-2127805847\" class=\"col small-12 large-12\"  >\n\t\t\t\t<div class=\"col-inner text-center\"  >\n\t\t\t\n\t\t\t\n\n\t<div id=\"text-3908553939\" class=\"text\">\n\t\t\n\n<p style=\"text-align: left;\"><i class=\"icon-map-pin-fill\"><\/i> S\u00fctl\u00fcce, Karaa\u011fa\u00e7 Cd No:116\/13, 34445<br \/>Beyo\u011flu\/\u0130stanbul<\/p>\n\n\t\t\n<style>\n#text-3908553939 {\n  text-align: left;\n}\n<\/style>\n\t<\/div>\n\t\n\n\t\t<\/div>\n\t\t\t\t\t<\/div>\n\n\t\n\n\t<div id=\"col-559377047\" class=\"col small-12 large-12\"  >\n\t\t\t\t<div class=\"col-inner text-center\"  >\n\t\t\t\n\t\t\t\n\n\t<div id=\"text-2880585441\" class=\"text\">\n\t\t\n\n<p><i class=\"icon-envelop\"><\/i> info@gentglobal.com.tr<\/p>\n\n\t\t\n<style>\n#text-2880585441 {\n  text-align: left;\n}\n<\/style>\n\t<\/div>\n\t\n\n\t\t<\/div>\n\t\t\t\t\t<\/div>\n\n\t\n\n<\/div>\n\n\t\t<\/div>\n\t\t\t\t\n<style>\n#col-812660688 > .col-inner {\n  padding: 0px 0px 0px 0px;\n}\n<\/style>\n\t<\/div>\n\n\t\n\n<\/div>\n\n\n\t\t<\/div>\n\t\t\t\t\t<\/div>\n\n\t\n\n<\/div>\n\n\t\t<\/div>\n\t\t\t\t\n<style>\n#col-750077546 > .col-inner {\n  padding: 0px 0px 0px 50px;\n}\n<\/style>\n\t<\/div>\n\n\t\n\n<\/div>\n\n\t\t<\/div>\n\n\t\t\n<style>\n#section_281878672 {\n  padding-top: 120px;\n  padding-bottom: 120px;\n}\n#section_281878672 .section-bg img {\n  object-position: 100% 61%;\n}\n<\/style>\n\t<\/section>\n\t\n\n\t<section class=\"section dark show-for-small\" id=\"section_846364\">\n\t\t<div class=\"section-bg fill\" >\n\t\t\t<img loading=\"lazy\" decoding=\"async\" width=\"1320\" height=\"800\" src=\"https:\/\/www.gentglobal.com.tr\/en\/wp-content\/uploads\/2025\/12\/iletisim-gent-global.jpg\" class=\"bg attachment-original size-original\" alt=\"\" \/>\t\t\t\t\t\t\n\t\t\t\n\n\t\t<\/div>\n\n\t\t\n\n\t\t<div class=\"section-content relative\">\n\t\t\t\n\n<div class=\"row\"  id=\"row-151163156\">\n\n\n\t<div id=\"col-935261694\" class=\"col medium-5 small-12 large-5\"  >\n\t\t\t\t<div class=\"col-inner\"  >\n\t\t\t\n\t\t\t\n\n<h1>\u0130leti\u015fim<\/h1>\n<hr \/>\n\n\t\t<\/div>\n\t\t\t\t\n<style>\n#col-935261694 > .col-inner {\n  padding: 0px 0px 0px 0px;\n}\n@media (min-width:550px) {\n  #col-935261694 > .col-inner {\n    padding: 0px 0px 0px 50px;\n  }\n}\n<\/style>\n\t<\/div>\n\n\t\n\n<\/div>\n<div class=\"row\"  id=\"row-714356724\">\n\n\n\t<div id=\"col-1822136590\" class=\"col medium-5 small-12 large-5\"  >\n\t\t\t\t<div class=\"col-inner\"  >\n\t\t\t\n\t\t\t\n\n<div class=\"row\"  id=\"row-248330987\">\n\n\n\t<div id=\"col-1465099940\" class=\"col small-12 large-12\"  >\n\t\t\t\t<div class=\"col-inner\"  >\n\t\t\t\n\t\t\t\n\n<div class=\"row row-small\"  id=\"row-685043097\">\n\n\n\t<div id=\"col-1239918715\" class=\"col small-12 large-12\"  >\n\t\t\t\t<div class=\"col-inner\"  >\n\t\t\t\n\t\t\t\n\n<div class=\"row row-small\"  id=\"row-1179718394\">\n\n\n\t<div id=\"col-1644773113\" class=\"col small-12 large-12\"  >\n\t\t\t\t<div class=\"col-inner text-center\"  >\n\t\t\t\n\t\t\t\n\n\t<div id=\"text-3566689392\" class=\"text\">\n\t\t\n\n<p><i class=\"icon-phone\"><\/i> +90 533 346 30 05<\/p>\n\n\t\t\n<style>\n#text-3566689392 {\n  text-align: left;\n}\n<\/style>\n\t<\/div>\n\t\n\n\t\t<\/div>\n\t\t\t\t\t<\/div>\n\n\t\n\n\t<div id=\"col-334326319\" class=\"col small-12 large-12\"  >\n\t\t\t\t<div class=\"col-inner text-center\"  >\n\t\t\t\n\t\t\t\n\n\t<div id=\"text-206106794\" class=\"text\">\n\t\t\n\n<p style=\"text-align: left;\"><i class=\"icon-map-pin-fill\"><\/i> S\u00fctl\u00fcce, Karaa\u011fa\u00e7 Cd No:116\/13, 34445<br \/>Beyo\u011flu\/\u0130stanbul<\/p>\n\n\t\t\n<style>\n#text-206106794 {\n  text-align: left;\n}\n<\/style>\n\t<\/div>\n\t\n\n\t\t<\/div>\n\t\t\t\t\t<\/div>\n\n\t\n\n\t<div id=\"col-2027947565\" class=\"col small-12 large-12\"  >\n\t\t\t\t<div class=\"col-inner text-center\"  >\n\t\t\t\n\t\t\t\n\n\t<div id=\"text-3633943092\" class=\"text\">\n\t\t\n\n<p><i class=\"icon-envelop\"><\/i> info@gentglobal.com.tr<\/p>\n\n\t\t\n<style>\n#text-3633943092 {\n  text-align: left;\n}\n<\/style>\n\t<\/div>\n\t\n\n\t\t<\/div>\n\t\t\t\t\t<\/div>\n\n\t\n\n<\/div>\n\n\t\t<\/div>\n\t\t\t\t\n<style>\n#col-1239918715 > .col-inner {\n  padding: 0px 0px 0px 0px;\n}\n<\/style>\n\t<\/div>\n\n\t\n\n<\/div>\n\n\n\t\t<\/div>\n\t\t\t\t\t<\/div>\n\n\t\n\n<\/div>\n\n\t\t<\/div>\n\t\t\t\t\n<style>\n#col-1822136590 > .col-inner {\n  padding: 0px 0px 0px 0px;\n}\n@media (min-width:550px) {\n  #col-1822136590 > .col-inner {\n    padding: 0px 0px 0px 50px;\n  }\n}\n<\/style>\n\t<\/div>\n\n\t\n\n<\/div>\n\n\t\t<\/div>\n\n\t\t\n<style>\n#section_846364 {\n  padding-top: 120px;\n  padding-bottom: 120px;\n}\n#section_846364 .section-bg img {\n  object-position: 44% 65%;\n}\n<\/style>\n\t<\/section>\n\t\n<div class=\"row align-center\"  id=\"row-899726863\">\n\n\n\t<div id=\"col-968254633\" class=\"col medium-8 small-12 large-8\"  >\n\t\t\t\t<div class=\"col-inner\"  >\n\t\t\t\n\t\t\t\n\n<p><iframe src=\"https:\/\/www.google.com\/maps\/embed?pb=!1m18!1m12!1m3!1d3008.7126345619117!2d28.9432855!3d41.053412900000005!2m3!1f0!2f0!3f0!3m2!1i1024!2i768!4f13.1!3m3!1m2!1s0x14cab1b22ee3115d%3A0x6f62c9aecf2cad1b!2sGent%20Global!5e0!3m2!1str!2str!4v1765184419997!5m2!1str!2str\" width=\"100%\" height=\"300\" style=\"border:0;\" allowfullscreen=\"\" loading=\"lazy\" referrerpolicy=\"no-referrer-when-downgrade\"><\/iframe><\/p>\n\n\t\t<\/div>\n\t\t\t\t\n<style>\n#col-968254633 > .col-inner {\n  margin: -70px 0px 0px 0px;\n}\n<\/style>\n\t<\/div>\n\n\t\n\n<\/div>\n\n","protected":false},"excerpt":{"rendered":"","protected":false},"author":2,"featured_media":0,"parent":0,"menu_order":0,"comment_status":"closed","ping_status":"closed","template":"","meta":{"footnotes":""},"class_list":["post-28","page","type-page","status-publish","hentry"],"_links":{"self":[{"href":"https:\/\/www.gentglobal.com.tr\/en\/wp-json\/wp\/v2\/pages\/28","targetHints":{"allow":["GET"]}}],"collection":[{"href":"https:\/\/www.gentglobal.com.tr\/en\/wp-json\/wp\/v2\/pages"}],"about":[{"href":"https:\/\/www.gentglobal.com.tr\/en\/wp-json\/wp\/v2\/types\/page"}],"author":[{"embeddable":true,"href":"https:\/\/www.gentglobal.com.tr\/en\/wp-json\/wp\/v2\/users\/2"}],"replies":[{"embeddable":true,"href":"https:\/\/www.gentglobal.com.tr\/en\/wp-json\/wp\/v2\/comments?post=28"}],"version-history":[{"count":35,"href":"https:\/\/www.gentglobal.com.tr\/en\/wp-json\/wp\/v2\/pages\/28\/revisions"}],"predecessor-version":[{"id":375,"href":"https:\/\/www.gentglobal.com.tr\/en\/wp-json\/wp\/v2\/pages\/28\/revisions\/375"}],"wp:attachment":[{"href":"https:\/\/www.gentglobal.com.tr\/en\/wp-json\/wp\/v2\/media?parent=28"}],"curies":[{"name":"wp","href":"https:\/\/api.w.org\/{rel}","templated":true}]}}